{"id":100,"date":"2021-02-27T13:09:03","date_gmt":"2021-02-27T13:09:03","guid":{"rendered":"http:\/\/www.castellanoslawgroup.com\/es\/?page_id=100"},"modified":"2021-02-27T13:18:58","modified_gmt":"2021-02-27T13:18:58","slug":"precauciones-y-protocolo","status":"publish","type":"page","link":"https:\/\/www.castellanoslawgroup.com\/es\/precauciones-y-protocolo\/","title":{"rendered":"Precauciones y Protocolo por COVID-19 en Castellanos Law Group"},"content":{"rendered":"<h2>Control y prevenci\u00f3n del coronavirus en las oficinas<\/h2>\n<p>Estimados clientes,<br \/>\nDesde el brote pand\u00e9mico de COVID-19, nuestra oficina ha implementado una serie de medidas de precauci\u00f3n para garantizar la salud y la seguridad de nuestros empleados y clientes.<\/p>\n<p>De acuerdo con las recomendaciones de los CDC, todos los miembros de nuestro equipo legal est\u00e1n practicando t\u00e9cnicas apropiadas de lavado de manos, as\u00ed como limpiando diariamente las superficies com\u00fanmente tocadas, como pomos de las puertas e interruptores de luz. Adem\u00e1s, tenga en cuenta que los CDC ahora recomiendan las m\u00e1scaras dobles, ya que son m\u00e1s efectivas para prevenir la propagaci\u00f3n del coronavirus.<\/p>\n<p>Para prevenir la posible propagaci\u00f3n de cualquier enfermedad transmitida, si ha experimentado los siguientes s\u00edntomas en los \u00faltimos 14 d\u00edas, le ofrecemos alternativas a su visita al consultorio y le recomendamos que llame a nuestro bufete de abogados al <a href=\"tel:+17708414180\" onclick=\"sendEventToGoogle('Content', '\/es\/wp-json\/wp\/v2\/pages\/100', '+17708414180');\">(770) 841-4180<\/a> ya que nuestro bufete puede hacer casi toda la representaci\u00f3n de forma remota:<\/p>\n<ul>\n<li>Fiebre<\/li>\n<li>Tos<\/li>\n<li>Dificultad para respirar<\/li>\n<li>Dolores corporales<\/li>\n<li>Fatiga<\/li>\n<\/ul>\n<p>Si tiene <a href=\"https:\/\/www.castellanoslawgroup.com\/es\/contactenos\/\" rel=\"noopener noreferrer\" target=\"_blank\">citas en nuestra oficina<\/a>, no asista si est\u00e1 enfermo. Estaremos encantados de cambiar su cita por tel\u00e9fono \/ video conferencia. Esta pol\u00edtica tambi\u00e9n se aplica a nuestro personal, que trabajar\u00e1 de forma remota si est\u00e1 enfermo.<\/p>\n<p>Adem\u00e1s, todas las citas en el consultorio pueden cambiarse a una conferencia telef\u00f3nica \/ video a pedido.<\/p>\n<p>Informe a nuestra oficina si tiene alguna pregunta adicional.<br \/>\nSaludos,<\/p>\n<p><a href=\"https:\/\/www.castellanoslawgroup.com\/es\/roland-castellanos\/\" rel=\"noopener noreferrer\" target=\"_blank\">Roland Castellanos<\/a> | Due\u00f1o, Ex-Juez<br \/>\n<em>Especializado en derecho de <a href=\"https:\/\/www.castellanoslawgroup.com\/es\/areas-de-practica\/relaciones-domesticas\/\" rel=\"noopener noreferrer\" target=\"_blank\">relaciones dom\u00e9sticas<\/a> y <a href=\"https:\/\/www.castellanoslawgroup.com\/es\/areas-de-practica\/defensa-criminal-representacion-dui\/\" rel=\"noopener noreferrer\" target=\"_blank\">defensa de Conducci\u00f3n bajo influencia<\/a> (DUI, por sus siglas en ingl\u00e9s), Castellanos Law Group est\u00e1 listo para ayudarlo.<\/em><\/p>\n","protected":false},"excerpt":{"rendered":"<p>Control y prevenci\u00f3n del coronavirus en las oficinas Estimados clientes, Desde el brote pand\u00e9mico de COVID-19, nuestra oficina ha implementado una serie de medidas de precauci\u00f3n para garantizar la salud y la seguridad de nuestros empleados y clientes. De acuerdo con las recomendaciones de los CDC, todos los miembros de nuestro equipo legal est\u00e1n practicando&#8230; <a href=\"https:\/\/www.castellanoslawgroup.com\/es\/precauciones-y-protocolo\/\" class=\"learn-btn\">Leer M\u00e1s<\/a><\/p>\n","protected":false},"author":2,"featured_media":0,"parent":0,"menu_order":0,"comment_status":"closed","ping_status":"closed","template":"","meta":{"_acf_changed":false,"_genesis_hide_title":false,"_genesis_hide_breadcrumbs":false,"_genesis_hide_singular_image":false,"_genesis_hide_footer_widgets":false,"_genesis_custom_body_class":"","_genesis_custom_post_class":"","_genesis_layout":"","footnotes":""},"class_list":{"0":"post-100","1":"page","2":"type-page","3":"status-publish","5":"entry"},"acf":[],"yoast_head":"<!-- This site is optimized with the Yoast SEO plugin v26.1.1 - https:\/\/yoast.com\/wordpress\/plugins\/seo\/ -->\n<title>Precauciones y Protocolo por COVID-19 en Castellanos Law Group<\/title>\n<meta name=\"description\" content=\"Desde el brote pand\u00e9mico de COVID-19, nuestra oficina ha implementado una serie de medidas de precauci\u00f3n para garantizar la salud...\" \/>\n<meta name=\"robots\" content=\"index, follow, max-snippet:-1, max-image-preview:large, max-video-preview:-1\" \/>\n<link rel=\"canonical\" href=\"https:\/\/www.castellanoslawgroup.com\/es\/precauciones-y-protocolo\/\" \/>\n<meta property=\"og:locale\" content=\"es_ES\" \/>\n<meta property=\"og:type\" content=\"article\" \/>\n<meta property=\"og:title\" content=\"Precauciones y Protocolo por COVID-19 en Castellanos Law Group\" \/>\n<meta property=\"og:description\" content=\"Desde el brote pand\u00e9mico de COVID-19, nuestra oficina ha implementado una serie de medidas de precauci\u00f3n para garantizar la salud...\" \/>\n<meta property=\"og:url\" content=\"https:\/\/www.castellanoslawgroup.com\/es\/precauciones-y-protocolo\/\" \/>\n<meta property=\"og:site_name\" content=\"Castellanos Law Group - Espa\u00f1ol\" \/>\n<meta property=\"article:modified_time\" content=\"2021-02-27T13:18:58+00:00\" \/>\n<meta name=\"twitter:card\" content=\"summary_large_image\" \/>\n<meta name=\"twitter:label1\" content=\"Tiempo de lectura\" \/>\n\t<meta name=\"twitter:data1\" content=\"1 minuto\" \/>\n<script type=\"application\/ld+json\" class=\"yoast-schema-graph\">{\"@context\":\"https:\/\/schema.org\",\"@graph\":[{\"@type\":\"WebPage\",\"@id\":\"https:\/\/www.castellanoslawgroup.com\/es\/precauciones-y-protocolo\/\",\"url\":\"https:\/\/www.castellanoslawgroup.com\/es\/precauciones-y-protocolo\/\",\"name\":\"Precauciones y Protocolo por COVID-19 en Castellanos Law Group\",\"isPartOf\":{\"@id\":\"https:\/\/www.castellanoslawgroup.com\/es\/#website\"},\"datePublished\":\"2021-02-27T13:09:03+00:00\",\"dateModified\":\"2021-02-27T13:18:58+00:00\",\"description\":\"Desde el brote pand\u00e9mico de COVID-19, nuestra oficina ha implementado una serie de medidas de precauci\u00f3n para garantizar la salud...\",\"breadcrumb\":{\"@id\":\"https:\/\/www.castellanoslawgroup.com\/es\/precauciones-y-protocolo\/#breadcrumb\"},\"inLanguage\":\"es\",\"potentialAction\":[{\"@type\":\"ReadAction\",\"target\":[\"https:\/\/www.castellanoslawgroup.com\/es\/precauciones-y-protocolo\/\"]}]},{\"@type\":\"BreadcrumbList\",\"@id\":\"https:\/\/www.castellanoslawgroup.com\/es\/precauciones-y-protocolo\/#breadcrumb\",\"itemListElement\":[{\"@type\":\"ListItem\",\"position\":1,\"name\":\"Inicio\",\"item\":\"https:\/\/www.castellanoslawgroup.com\/es\/\"},{\"@type\":\"ListItem\",\"position\":2,\"name\":\"Precauciones y Protocolo por COVID-19\"}]},{\"@type\":\"WebSite\",\"@id\":\"https:\/\/www.castellanoslawgroup.com\/es\/#website\",\"url\":\"https:\/\/www.castellanoslawgroup.com\/es\/\",\"name\":\"Castellanos Law Group - Espa\u00f1ol\",\"description\":\"\",\"potentialAction\":[{\"@type\":\"SearchAction\",\"target\":{\"@type\":\"EntryPoint\",\"urlTemplate\":\"https:\/\/www.castellanoslawgroup.com\/es\/?s={search_term_string}\"},\"query-input\":{\"@type\":\"PropertyValueSpecification\",\"valueRequired\":true,\"valueName\":\"search_term_string\"}}],\"inLanguage\":\"es\"}]}<\/script>\n<!-- \/ Yoast SEO plugin. -->","yoast_head_json":{"title":"Precauciones y Protocolo por COVID-19 en Castellanos Law Group","description":"Desde el brote pand\u00e9mico de COVID-19, nuestra oficina ha implementado una serie de medidas de precauci\u00f3n para garantizar la salud...","robots":{"index":"index","follow":"follow","max-snippet":"max-snippet:-1","max-image-preview":"max-image-preview:large","max-video-preview":"max-video-preview:-1"},"canonical":"https:\/\/www.castellanoslawgroup.com\/es\/precauciones-y-protocolo\/","og_locale":"es_ES","og_type":"article","og_title":"Precauciones y Protocolo por COVID-19 en Castellanos Law Group","og_description":"Desde el brote pand\u00e9mico de COVID-19, nuestra oficina ha implementado una serie de medidas de precauci\u00f3n para garantizar la salud...","og_url":"https:\/\/www.castellanoslawgroup.com\/es\/precauciones-y-protocolo\/","og_site_name":"Castellanos Law Group - Espa\u00f1ol","article_modified_time":"2021-02-27T13:18:58+00:00","twitter_card":"summary_large_image","twitter_misc":{"Tiempo de lectura":"1 minuto"},"schema":{"@context":"https:\/\/schema.org","@graph":[{"@type":"WebPage","@id":"https:\/\/www.castellanoslawgroup.com\/es\/precauciones-y-protocolo\/","url":"https:\/\/www.castellanoslawgroup.com\/es\/precauciones-y-protocolo\/","name":"Precauciones y Protocolo por COVID-19 en Castellanos Law Group","isPartOf":{"@id":"https:\/\/www.castellanoslawgroup.com\/es\/#website"},"datePublished":"2021-02-27T13:09:03+00:00","dateModified":"2021-02-27T13:18:58+00:00","description":"Desde el brote pand\u00e9mico de COVID-19, nuestra oficina ha implementado una serie de medidas de precauci\u00f3n para garantizar la salud...","breadcrumb":{"@id":"https:\/\/www.castellanoslawgroup.com\/es\/precauciones-y-protocolo\/#breadcrumb"},"inLanguage":"es","potentialAction":[{"@type":"ReadAction","target":["https:\/\/www.castellanoslawgroup.com\/es\/precauciones-y-protocolo\/"]}]},{"@type":"BreadcrumbList","@id":"https:\/\/www.castellanoslawgroup.com\/es\/precauciones-y-protocolo\/#breadcrumb","itemListElement":[{"@type":"ListItem","position":1,"name":"Inicio","item":"https:\/\/www.castellanoslawgroup.com\/es\/"},{"@type":"ListItem","position":2,"name":"Precauciones y Protocolo por COVID-19"}]},{"@type":"WebSite","@id":"https:\/\/www.castellanoslawgroup.com\/es\/#website","url":"https:\/\/www.castellanoslawgroup.com\/es\/","name":"Castellanos Law Group - Espa\u00f1ol","description":"","potentialAction":[{"@type":"SearchAction","target":{"@type":"EntryPoint","urlTemplate":"https:\/\/www.castellanoslawgroup.com\/es\/?s={search_term_string}"},"query-input":{"@type":"PropertyValueSpecification","valueRequired":true,"valueName":"search_term_string"}}],"inLanguage":"es"}]}},"_links":{"self":[{"href":"https:\/\/www.castellanoslawgroup.com\/es\/wp-json\/wp\/v2\/pages\/100","targetHints":{"allow":["GET"]}}],"collection":[{"href":"https:\/\/www.castellanoslawgroup.com\/es\/wp-json\/wp\/v2\/pages"}],"about":[{"href":"https:\/\/www.castellanoslawgroup.com\/es\/wp-json\/wp\/v2\/types\/page"}],"author":[{"embeddable":true,"href":"https:\/\/www.castellanoslawgroup.com\/es\/wp-json\/wp\/v2\/users\/2"}],"replies":[{"embeddable":true,"href":"https:\/\/www.castellanoslawgroup.com\/es\/wp-json\/wp\/v2\/comments?post=100"}],"version-history":[{"count":0,"href":"https:\/\/www.castellanoslawgroup.com\/es\/wp-json\/wp\/v2\/pages\/100\/revisions"}],"wp:attachment":[{"href":"https:\/\/www.castellanoslawgroup.com\/es\/wp-json\/wp\/v2\/media?parent=100"}],"curies":[{"name":"wp","href":"https:\/\/api.w.org\/{rel}","templated":true}]}}