{"id":149,"date":"2022-12-17T20:38:29","date_gmt":"2022-12-17T20:38:29","guid":{"rendered":"https:\/\/www.castellanoslawgroup.com\/es\/?page_id=149"},"modified":"2022-12-17T20:47:35","modified_gmt":"2022-12-17T20:47:35","slug":"descargar-reporte-no-beba-y-conduzca-ni-en-georgia-ni-en-ningun-lugar","status":"publish","type":"page","link":"https:\/\/www.castellanoslawgroup.com\/es\/descargar-reporte-no-beba-y-conduzca-ni-en-georgia-ni-en-ningun-lugar\/","title":{"rendered":"Descargar Reporte No Beba y Conduzca \u2013 Ni en Georgia, Ni en Ning\u00fan Lugar"},"content":{"rendered":"<h2>No Beba y Conduzca \u2013 Ni en Georgia, Ni en Ning\u00fan Lugar<\/h2>\n<p>Nunca es una buena idea beber y conducir en Georgia o en cualquier otro lugar en cualquier \u00e9poca del a\u00f1o. Especialmente en fechas festivas incluidas durante las Navidades y A\u00f1o Nuevo, cuando es un buen momento para recordarles a todos que deben actuar de manera responsable durante una noche de copas.<\/p>\n<div id=\"now\"><\/div>\n<h3>Complete este formulario r\u00e1pido para descargar el reporte \u00abNo Beba y Conduzca \u2013 Ni en Georgia, Ni en Ning\u00fan Lugar\u00bb<\/h3>\n<script type=\"text\/javascript\">\n\/* <![CDATA[ *\/\nvar gform;gform||(document.addEventListener(\"gform_main_scripts_loaded\",function(){gform.scriptsLoaded=!0}),document.addEventListener(\"gform\/theme\/scripts_loaded\",function(){gform.themeScriptsLoaded=!0}),window.addEventListener(\"DOMContentLoaded\",function(){gform.domLoaded=!0}),gform={domLoaded:!1,scriptsLoaded:!1,themeScriptsLoaded:!1,isFormEditor:()=>\"function\"==typeof InitializeEditor,callIfLoaded:function(o){return!(!gform.domLoaded||!gform.scriptsLoaded||!gform.themeScriptsLoaded&&!gform.isFormEditor()||(gform.isFormEditor()&&console.warn(\"The use of gform.initializeOnLoaded() is deprecated in the form editor context and will be removed in Gravity Forms 3.1.\"),o(),0))},initializeOnLoaded:function(o){gform.callIfLoaded(o)||(document.addEventListener(\"gform_main_scripts_loaded\",()=>{gform.scriptsLoaded=!0,gform.callIfLoaded(o)}),document.addEventListener(\"gform\/theme\/scripts_loaded\",()=>{gform.themeScriptsLoaded=!0,gform.callIfLoaded(o)}),window.addEventListener(\"DOMContentLoaded\",()=>{gform.domLoaded=!0,gform.callIfLoaded(o)}))},hooks:{action:{},filter:{}},addAction:function(o,r,e,t){gform.addHook(\"action\",o,r,e,t)},addFilter:function(o,r,e,t){gform.addHook(\"filter\",o,r,e,t)},doAction:function(o){gform.doHook(\"action\",o,arguments)},applyFilters:function(o){return gform.doHook(\"filter\",o,arguments)},removeAction:function(o,r){gform.removeHook(\"action\",o,r)},removeFilter:function(o,r,e){gform.removeHook(\"filter\",o,r,e)},addHook:function(o,r,e,t,n){null==gform.hooks[o][r]&&(gform.hooks[o][r]=[]);var d=gform.hooks[o][r];null==n&&(n=r+\"_\"+d.length),gform.hooks[o][r].push({tag:n,callable:e,priority:t=null==t?10:t})},doHook:function(r,o,e){var t;if(e=Array.prototype.slice.call(e,1),null!=gform.hooks[r][o]&&((o=gform.hooks[r][o]).sort(function(o,r){return o.priority-r.priority}),o.forEach(function(o){\"function\"!=typeof(t=o.callable)&&(t=window[t]),\"action\"==r?t.apply(null,e):e[0]=t.apply(null,e)})),\"filter\"==r)return e[0]},removeHook:function(o,r,t,n){var e;null!=gform.hooks[o][r]&&(e=(e=gform.hooks[o][r]).filter(function(o,r,e){return!!(null!=n&&n!=o.tag||null!=t&&t!=o.priority)}),gform.hooks[o][r]=e)}});\n\/* ]]> *\/\n<\/script>\n\n                <div class='gf_browser_gecko gform_wrapper gravity-theme gform-theme--no-framework' data-form-theme='gravity-theme' data-form-index='0' id='gform_wrapper_4' ><form method='post' enctype='multipart\/form-data'  id='gform_4'  action='\/es\/wp-json\/wp\/v2\/pages\/149' data-formid='4' novalidate>\n                        <div class='gform-body gform_body'><div id='gform_fields_4' class='gform_fields top_label form_sublabel_below description_below validation_below'><fieldset id=\"field_4_1\" class=\"gfield gfield--type-name gfield--width-seven-twelfths field_sublabel_below gfield--no-description field_description_below field_validation_below gfield_visibility_visible\"  ><legend class='gfield_label gform-field-label gfield_label_before_complex' >Nombre<\/legend><div class='ginput_complex ginput_container ginput_container--name no_prefix has_first_name no_middle_name has_last_name no_suffix gf_name_has_2 ginput_container_name gform-grid-row' id='input_4_1'>\n                            \n                            <span id='input_4_1_3_container' class='name_first gform-grid-col gform-grid-col--size-auto' >\n                                                    <input type='text' name='input_1.3' id='input_4_1_3' value=''   aria-required='false'     \/>\n                                                    <label for='input_4_1_3' class='gform-field-label gform-field-label--type-sub '>Nombre<\/label>\n                                                <\/span>\n                            \n                            <span id='input_4_1_6_container' class='name_last gform-grid-col gform-grid-col--size-auto' >\n                                                    <input type='text' name='input_1.6' id='input_4_1_6' value=''   aria-required='false'     \/>\n                                                    <label for='input_4_1_6' class='gform-field-label gform-field-label--type-sub '>Apellidos<\/label>\n                                                <\/span>\n                            \n                        <\/div><\/fieldset><div id=\"field_4_3\" class=\"gfield gfield--type-email gfield--width-five-twelfths field_sublabel_below gfield--no-description field_description_below field_validation_below gfield_visibility_visible\"  ><label class='gfield_label gform-field-label' for='input_4_3'>Email<\/label><div class='ginput_container ginput_container_email'>\n                            <input name='input_3' id='input_4_3' type='email' value='' class='large'     aria-invalid=\"false\"  \/>\n                        <\/div><\/div><\/div><\/div>\n        <div class='gform-footer gform_footer top_label'> <div class=\"gf-turnstile-container\"> <div id=\"cf-turnstile-gf-4\" class=\"cf-turnstile\" data-sitekey=\"0x4AAAAAAAZd9AjTU7hY1F7i\" data-theme=\"light\" data-language=\"auto\" data-size=\"normal\" data-retry=\"auto\" data-retry-interval=\"1000\" data-action=\"gravity-form-4\" data-appearance=\"always\"><\/div> <script>document.addEventListener(\"DOMContentLoaded\", function() { setTimeout(function(){ var e=document.getElementById(\"cf-turnstile-gf-4\"); e&&!e.innerHTML.trim()&&(turnstile.remove(\"#cf-turnstile-gf-4\"), turnstile.render(\"#cf-turnstile-gf-4\", {sitekey:\"0x4AAAAAAAZd9AjTU7hY1F7i\"})); }, 0); });<\/script> <br class=\"cf-turnstile-br cf-turnstile-br-gf-4\"> <style>#cf-turnstile-gf-4 { margin-left: -15px; }<\/style> <\/div> <style> .gf-turnstile-container { width: 100%; } .gform_footer.top_label { display: flex; flex-wrap: wrap; } <\/style> <script>document.addEventListener(\"DOMContentLoaded\", function() {document.addEventListener('gform\/post_render', function handlePostRender(event) {if (event.detail.formId !== 4) {return;}gform.utils.addAsyncFilter('gform\/submission\/pre_submission', async function handlePreSubmission(data) {document.addEventListener('gform\/post_render', function rerenderTurnstile(event) {if (event.detail.formId !== 4) {return;}const turnstileElement = document.getElementById('cf-turnstile-gf-4');if (turnstileElement) {turnstile.remove('#cf-turnstile-gf-4');turnstile.render('#cf-turnstile-gf-4');}document.removeEventListener('gform\/post_render', rerenderTurnstile);});gform.utils.removeFilter('gform\/submission\/pre_submission', handlePreSubmission);return data;});document.removeEventListener('gform\/post_render', handlePostRender);});});<\/script><input type='submit' id='gform_submit_button_4' class='gform_button button' onclick='gform.submission.handleButtonClick(this);' data-submission-type='submit' value='Descargar Reporte Gratuito'  \/> \n            <input type='hidden' class='gform_hidden' name='gform_submission_method' data-js='gform_submission_method_4' value='postback' \/>\n            <input type='hidden' class='gform_hidden' name='gform_theme' data-js='gform_theme_4' id='gform_theme_4' value='gravity-theme' \/>\n            <input type='hidden' class='gform_hidden' name='gform_style_settings' data-js='gform_style_settings_4' id='gform_style_settings_4' value='[]' \/>\n            <input type='hidden' class='gform_hidden' name='is_submit_4' value='1' \/>\n            <input type='hidden' class='gform_hidden' name='gform_submit' value='4' \/>\n            \n            <input type='hidden' class='gform_hidden' name='gform_currency' data-currency='USD' value='8PpPHl9+2b28iKQlpNSIMx6UG\/MG0a5kA4AypoqYLkYA\/ctzAAUAyEl\/OA\/+PwpROl1qxiPfF8WQLFcPO5XAEwAvv7+C4CGlOffpJ0U9+kQXmNQ=' \/>\n            <input type='hidden' class='gform_hidden' name='gform_unique_id' value='' \/>\n            <input type='hidden' class='gform_hidden' name='state_4' value='WyJbXSIsIjIxODgyMTQ5NjAwY2E1N2M3Mjg2NGJmODNjYTI2M2ExIl0=' \/>\n            <input type='hidden' autocomplete='off' class='gform_hidden' name='gform_target_page_number_4' id='gform_target_page_number_4' value='0' \/>\n            <input type='hidden' autocomplete='off' class='gform_hidden' name='gform_source_page_number_4' id='gform_source_page_number_4' value='1' \/>\n            <input type='hidden' name='gform_field_values' value='' \/>\n            \n        <\/div>\n                        <\/form>\n                        <\/div><script type=\"text\/javascript\">\n\/* <![CDATA[ *\/\n gform.initializeOnLoaded( function() {gformInitSpinner( 4, 'https:\/\/www.castellanoslawgroup.com\/es\/wp-content\/plugins\/gravityforms\/images\/spinner.svg', true );jQuery('#gform_ajax_frame_4').on('load',function(){var contents = jQuery(this).contents().find('*').html();var is_postback = contents.indexOf('GF_AJAX_POSTBACK') >= 0;if(!is_postback){return;}var form_content = jQuery(this).contents().find('#gform_wrapper_4');var is_confirmation = jQuery(this).contents().find('#gform_confirmation_wrapper_4').length > 0;var is_redirect = contents.indexOf('gformRedirect(){') >= 0;var is_form = form_content.length > 0 && ! is_redirect && ! is_confirmation;var mt = parseInt(jQuery('html').css('margin-top'), 10) + parseInt(jQuery('body').css('margin-top'), 10) + 100;if(is_form){jQuery('#gform_wrapper_4').html(form_content.html());if(form_content.hasClass('gform_validation_error')){jQuery('#gform_wrapper_4').addClass('gform_validation_error');} else {jQuery('#gform_wrapper_4').removeClass('gform_validation_error');}setTimeout( function() { \/* delay the scroll by 50 milliseconds to fix a bug in chrome *\/  }, 50 );if(window['gformInitDatepicker']) {gformInitDatepicker();}if(window['gformInitPriceFields']) {gformInitPriceFields();}var current_page = jQuery('#gform_source_page_number_4').val();gformInitSpinner( 4, 'https:\/\/www.castellanoslawgroup.com\/es\/wp-content\/plugins\/gravityforms\/images\/spinner.svg', true );jQuery(document).trigger('gform_page_loaded', [4, current_page]);window['gf_submitting_4'] = false;}else if(!is_redirect){var confirmation_content = jQuery(this).contents().find('.GF_AJAX_POSTBACK').html();if(!confirmation_content){confirmation_content = contents;}jQuery('#gform_wrapper_4').replaceWith(confirmation_content);jQuery(document).trigger('gform_confirmation_loaded', [4]);window['gf_submitting_4'] = false;wp.a11y.speak(jQuery('#gform_confirmation_message_4').text());}else{jQuery('#gform_4').append(contents);if(window['gformRedirect']) {gformRedirect();}}jQuery(document).trigger(\"gform_pre_post_render\", [{ formId: \"4\", currentPage: \"current_page\", abort: function() { this.preventDefault(); } }]);        if (event && event.defaultPrevented) {                return;        }        const gformWrapperDiv = document.getElementById( \"gform_wrapper_4\" );        if ( gformWrapperDiv ) {            const visibilitySpan = document.createElement( \"span\" );            visibilitySpan.id = \"gform_visibility_test_4\";            gformWrapperDiv.insertAdjacentElement( \"afterend\", visibilitySpan );        }        const visibilityTestDiv = document.getElementById( \"gform_visibility_test_4\" );        let postRenderFired = false;        function triggerPostRender() {            if ( postRenderFired ) {                return;            }            postRenderFired = true;            gform.core.triggerPostRenderEvents( 4, current_page );            if ( visibilityTestDiv ) {                visibilityTestDiv.parentNode.removeChild( visibilityTestDiv );            }        }        function debounce( func, wait, immediate ) {            var timeout;            return function() {                var context = this, args = arguments;                var later = function() {                    timeout = null;                    if ( !immediate ) func.apply( context, args );                };                var callNow = immediate && !timeout;                clearTimeout( timeout );                timeout = setTimeout( later, wait );                if ( callNow ) func.apply( context, args );            };        }        const debouncedTriggerPostRender = debounce( function() {            triggerPostRender();        }, 200 );        if ( visibilityTestDiv && visibilityTestDiv.offsetParent === null ) {            const observer = new MutationObserver( ( mutations ) => {                mutations.forEach( ( mutation ) => {                    if ( mutation.type === 'attributes' && visibilityTestDiv.offsetParent !== null ) {                        debouncedTriggerPostRender();                        observer.disconnect();                    }                });            });            observer.observe( document.body, {                attributes: true,                childList: false,                subtree: true,                attributeFilter: [ 'style', 'class' ],            });        } else {            triggerPostRender();        }    } );} ); \n\/* ]]> *\/\n<\/script>\n\n<p>Leer tambi\u00e9n <a href=\"https:\/\/www.castellanoslawgroup.com\/es\/blog\/carta-de-dui-del-abogado-roland-castellanos\/\" target=\"_blank\" rel=\"noopener\"><strong>Carta de DUI del abogado Roland Castellanos<\/strong><\/a>.<\/p>\n","protected":false},"excerpt":{"rendered":"<p>No Beba y Conduzca \u2013 Ni en Georgia, Ni en Ning\u00fan Lugar Nunca es una buena idea beber y conducir en Georgia o en cualquier otro lugar en cualquier \u00e9poca del a\u00f1o. Especialmente en fechas festivas incluidas durante las Navidades y A\u00f1o Nuevo, cuando es un buen momento para recordarles a todos que deben actuar&#8230; <a href=\"https:\/\/www.castellanoslawgroup.com\/es\/descargar-reporte-no-beba-y-conduzca-ni-en-georgia-ni-en-ningun-lugar\/\" class=\"learn-btn\">Leer M\u00e1s<\/a><\/p>\n","protected":false},"author":2,"featured_media":0,"parent":0,"menu_order":0,"comment_status":"closed","ping_status":"closed","template":"","meta":{"_acf_changed":false,"_genesis_hide_title":false,"_genesis_hide_breadcrumbs":false,"_genesis_hide_singular_image":false,"_genesis_hide_footer_widgets":false,"_genesis_custom_body_class":"","_genesis_custom_post_class":"","_genesis_layout":"full-width-content","footnotes":""},"class_list":{"0":"post-149","1":"page","2":"type-page","3":"status-publish","5":"entry"},"acf":[],"yoast_head":"<!-- This site is optimized with the Yoast SEO plugin v26.1.1 - https:\/\/yoast.com\/wordpress\/plugins\/seo\/ -->\n<title>Descargar Reporte No Beba y Conduzca \u2013 Ni en Georgia, Ni en Ning\u00fan Lugar - Castellanos Law Group - Espa\u00f1ol<\/title>\n<meta name=\"description\" content=\"Descargar Reporte de Castellanos Law Group &quot;No Beba y Conduzca \u2013 Ni en Georgia, Ni en Ning\u00fan Lugar&quot;.\" \/>\n<meta name=\"robots\" content=\"index, follow, max-snippet:-1, max-image-preview:large, max-video-preview:-1\" \/>\n<link rel=\"canonical\" href=\"https:\/\/www.castellanoslawgroup.com\/es\/descargar-reporte-no-beba-y-conduzca-ni-en-georgia-ni-en-ningun-lugar\/\" \/>\n<meta property=\"og:locale\" content=\"es_ES\" \/>\n<meta property=\"og:type\" content=\"article\" \/>\n<meta property=\"og:title\" content=\"Descargar Reporte No Beba y Conduzca \u2013 Ni en Georgia, Ni en Ning\u00fan Lugar - Castellanos Law Group - Espa\u00f1ol\" \/>\n<meta property=\"og:description\" content=\"Descargar Reporte de Castellanos Law Group &quot;No Beba y Conduzca \u2013 Ni en Georgia, Ni en Ning\u00fan Lugar&quot;.\" \/>\n<meta property=\"og:url\" content=\"https:\/\/www.castellanoslawgroup.com\/es\/descargar-reporte-no-beba-y-conduzca-ni-en-georgia-ni-en-ningun-lugar\/\" \/>\n<meta property=\"og:site_name\" content=\"Castellanos Law Group - Espa\u00f1ol\" \/>\n<meta property=\"article:modified_time\" content=\"2022-12-17T20:47:35+00:00\" \/>\n<meta name=\"twitter:card\" content=\"summary_large_image\" \/>\n<meta name=\"twitter:label1\" content=\"Tiempo de lectura\" \/>\n\t<meta name=\"twitter:data1\" content=\"1 minuto\" \/>\n<script type=\"application\/ld+json\" class=\"yoast-schema-graph\">{\"@context\":\"https:\/\/schema.org\",\"@graph\":[{\"@type\":\"WebPage\",\"@id\":\"https:\/\/www.castellanoslawgroup.com\/es\/descargar-reporte-no-beba-y-conduzca-ni-en-georgia-ni-en-ningun-lugar\/\",\"url\":\"https:\/\/www.castellanoslawgroup.com\/es\/descargar-reporte-no-beba-y-conduzca-ni-en-georgia-ni-en-ningun-lugar\/\",\"name\":\"Descargar Reporte No Beba y Conduzca \u2013 Ni en Georgia, Ni en Ning\u00fan Lugar - Castellanos Law Group - Espa\u00f1ol\",\"isPartOf\":{\"@id\":\"https:\/\/www.castellanoslawgroup.com\/es\/#website\"},\"datePublished\":\"2022-12-17T20:38:29+00:00\",\"dateModified\":\"2022-12-17T20:47:35+00:00\",\"description\":\"Descargar Reporte de Castellanos Law Group \\\"No Beba y Conduzca \u2013 Ni en Georgia, Ni en Ning\u00fan Lugar\\\".\",\"breadcrumb\":{\"@id\":\"https:\/\/www.castellanoslawgroup.com\/es\/descargar-reporte-no-beba-y-conduzca-ni-en-georgia-ni-en-ningun-lugar\/#breadcrumb\"},\"inLanguage\":\"es\",\"potentialAction\":[{\"@type\":\"ReadAction\",\"target\":[\"https:\/\/www.castellanoslawgroup.com\/es\/descargar-reporte-no-beba-y-conduzca-ni-en-georgia-ni-en-ningun-lugar\/\"]}]},{\"@type\":\"BreadcrumbList\",\"@id\":\"https:\/\/www.castellanoslawgroup.com\/es\/descargar-reporte-no-beba-y-conduzca-ni-en-georgia-ni-en-ningun-lugar\/#breadcrumb\",\"itemListElement\":[{\"@type\":\"ListItem\",\"position\":1,\"name\":\"Inicio\",\"item\":\"https:\/\/www.castellanoslawgroup.com\/es\/\"},{\"@type\":\"ListItem\",\"position\":2,\"name\":\"Descargar Reporte Gratuito\"}]},{\"@type\":\"WebSite\",\"@id\":\"https:\/\/www.castellanoslawgroup.com\/es\/#website\",\"url\":\"https:\/\/www.castellanoslawgroup.com\/es\/\",\"name\":\"Castellanos Law Group - Espa\u00f1ol\",\"description\":\"\",\"potentialAction\":[{\"@type\":\"SearchAction\",\"target\":{\"@type\":\"EntryPoint\",\"urlTemplate\":\"https:\/\/www.castellanoslawgroup.com\/es\/?s={search_term_string}\"},\"query-input\":{\"@type\":\"PropertyValueSpecification\",\"valueRequired\":true,\"valueName\":\"search_term_string\"}}],\"inLanguage\":\"es\"}]}<\/script>\n<!-- \/ Yoast SEO plugin. -->","yoast_head_json":{"title":"Descargar Reporte No Beba y Conduzca \u2013 Ni en Georgia, Ni en Ning\u00fan Lugar - Castellanos Law Group - Espa\u00f1ol","description":"Descargar Reporte de Castellanos Law Group \"No Beba y Conduzca \u2013 Ni en Georgia, Ni en Ning\u00fan Lugar\".","robots":{"index":"index","follow":"follow","max-snippet":"max-snippet:-1","max-image-preview":"max-image-preview:large","max-video-preview":"max-video-preview:-1"},"canonical":"https:\/\/www.castellanoslawgroup.com\/es\/descargar-reporte-no-beba-y-conduzca-ni-en-georgia-ni-en-ningun-lugar\/","og_locale":"es_ES","og_type":"article","og_title":"Descargar Reporte No Beba y Conduzca \u2013 Ni en Georgia, Ni en Ning\u00fan Lugar - Castellanos Law Group - Espa\u00f1ol","og_description":"Descargar Reporte de Castellanos Law Group \"No Beba y Conduzca \u2013 Ni en Georgia, Ni en Ning\u00fan Lugar\".","og_url":"https:\/\/www.castellanoslawgroup.com\/es\/descargar-reporte-no-beba-y-conduzca-ni-en-georgia-ni-en-ningun-lugar\/","og_site_name":"Castellanos Law Group - Espa\u00f1ol","article_modified_time":"2022-12-17T20:47:35+00:00","twitter_card":"summary_large_image","twitter_misc":{"Tiempo de lectura":"1 minuto"},"schema":{"@context":"https:\/\/schema.org","@graph":[{"@type":"WebPage","@id":"https:\/\/www.castellanoslawgroup.com\/es\/descargar-reporte-no-beba-y-conduzca-ni-en-georgia-ni-en-ningun-lugar\/","url":"https:\/\/www.castellanoslawgroup.com\/es\/descargar-reporte-no-beba-y-conduzca-ni-en-georgia-ni-en-ningun-lugar\/","name":"Descargar Reporte No Beba y Conduzca \u2013 Ni en Georgia, Ni en Ning\u00fan Lugar - Castellanos Law Group - Espa\u00f1ol","isPartOf":{"@id":"https:\/\/www.castellanoslawgroup.com\/es\/#website"},"datePublished":"2022-12-17T20:38:29+00:00","dateModified":"2022-12-17T20:47:35+00:00","description":"Descargar Reporte de Castellanos Law Group \"No Beba y Conduzca \u2013 Ni en Georgia, Ni en Ning\u00fan Lugar\".","breadcrumb":{"@id":"https:\/\/www.castellanoslawgroup.com\/es\/descargar-reporte-no-beba-y-conduzca-ni-en-georgia-ni-en-ningun-lugar\/#breadcrumb"},"inLanguage":"es","potentialAction":[{"@type":"ReadAction","target":["https:\/\/www.castellanoslawgroup.com\/es\/descargar-reporte-no-beba-y-conduzca-ni-en-georgia-ni-en-ningun-lugar\/"]}]},{"@type":"BreadcrumbList","@id":"https:\/\/www.castellanoslawgroup.com\/es\/descargar-reporte-no-beba-y-conduzca-ni-en-georgia-ni-en-ningun-lugar\/#breadcrumb","itemListElement":[{"@type":"ListItem","position":1,"name":"Inicio","item":"https:\/\/www.castellanoslawgroup.com\/es\/"},{"@type":"ListItem","position":2,"name":"Descargar Reporte Gratuito"}]},{"@type":"WebSite","@id":"https:\/\/www.castellanoslawgroup.com\/es\/#website","url":"https:\/\/www.castellanoslawgroup.com\/es\/","name":"Castellanos Law Group - Espa\u00f1ol","description":"","potentialAction":[{"@type":"SearchAction","target":{"@type":"EntryPoint","urlTemplate":"https:\/\/www.castellanoslawgroup.com\/es\/?s={search_term_string}"},"query-input":{"@type":"PropertyValueSpecification","valueRequired":true,"valueName":"search_term_string"}}],"inLanguage":"es"}]}},"_links":{"self":[{"href":"https:\/\/www.castellanoslawgroup.com\/es\/wp-json\/wp\/v2\/pages\/149","targetHints":{"allow":["GET"]}}],"collection":[{"href":"https:\/\/www.castellanoslawgroup.com\/es\/wp-json\/wp\/v2\/pages"}],"about":[{"href":"https:\/\/www.castellanoslawgroup.com\/es\/wp-json\/wp\/v2\/types\/page"}],"author":[{"embeddable":true,"href":"https:\/\/www.castellanoslawgroup.com\/es\/wp-json\/wp\/v2\/users\/2"}],"replies":[{"embeddable":true,"href":"https:\/\/www.castellanoslawgroup.com\/es\/wp-json\/wp\/v2\/comments?post=149"}],"version-history":[{"count":0,"href":"https:\/\/www.castellanoslawgroup.com\/es\/wp-json\/wp\/v2\/pages\/149\/revisions"}],"wp:attachment":[{"href":"https:\/\/www.castellanoslawgroup.com\/es\/wp-json\/wp\/v2\/media?parent=149"}],"curies":[{"name":"wp","href":"https:\/\/api.w.org\/{rel}","templated":true}]}}